{"id":20,"date":"2016-07-01T13:55:48","date_gmt":"2016-07-01T13:55:48","guid":{"rendered":"http:\/\/liedhegener.info\/?page_id=20"},"modified":"2023-01-27T11:29:57","modified_gmt":"2023-01-27T11:29:57","slug":"kontakt","status":"publish","type":"page","link":"https:\/\/liedhegener.info\/?page_id=20","title":{"rendered":"Kontakt"},"content":{"rendered":"<h4>Kontakt<\/h4>\n<p>Prof. Dr. Antonius Liedhegener<br \/>\nZentrum f\u00fcr Religion, Wirtschaft und Politik (ZRWP)<br \/>\nUniversit\u00e4t Luzern<br \/>\nKultur- und Sozialwissenschaftliche Fakult\u00e4t<br \/>\nFrohburgstr. 3<br \/>\nCH-6002 Luzern<\/p>\n<p><a href=\"mailto:mail@liedhegener.info\">mail@liedhegener.info<\/a><br \/>\n<a title=\"Internetseite von Antonius Liedhegener bei der Universit\u00e4t Luzern\" href=\"http:\/\/www.unilu.ch\/deu\/antonius-liedhegener_257338.html\" target=\"_blank\" rel=\"noopener\">www.unilu.ch<\/a><br \/>\n<a title=\"Internetseite Zentrum f\u00fcr Religion, Wirtschaft und Politik\" href=\"http:\/\/www.zrwp.ch\/\" target=\"_blank\" rel=\"noopener\">www.zrwp.ch<\/a><\/p>\n<p>Besucheradresse: Frohburgstr. 3\/ Raum 3.B03<br \/>\nTel: +41 41 229 55 81<br \/>\nFax: +41 41 229 55 85<\/p>\n<h4>Impressum<\/h4>\n<p>Unter Verwendung des Content-Management-Systems WordPress.<\/p>\n<p>Haftungshinweis: Trotz sorgf\u00e4ltiger inhaltlicher Kontrolle \u00fcbernehmen wir keine Haftung f\u00fcr die Inhalte externer Links. F\u00fcr den Inhalt der verlinkten Seiten sind ausschlie\u00dflich deren Betreiber verantwortlich.<\/p>\n","protected":false},"excerpt":{"rendered":"<p class=\"qua-blog-post-description\">Kontakt Prof. Dr. Antonius Liedhegener Zentrum f\u00fcr Religion, Wirtschaft und Politik (ZRWP) Universit\u00e4t Luzern Kultur- und Sozialwissenschaftliche Fakult\u00e4t Frohburgstr. 3 CH-6002 Luzern mail@liedhegener.info www.unilu.ch www.zrwp.ch Besucheradresse: Frohburgstr. 3\/ Raum 3.B03 Tel: +41 41 229 55 81 Fax: +41 41 229 55 85 Impressum Unter Verwendung des Content-Management-Systems WordPress. Haftungshinweis: Trotz sorgf\u00e4ltiger inhaltlicher Kontrolle \u00fcbernehmen wir [&hellip;]<\/p>\n","protected":false},"author":1,"featured_media":0,"parent":0,"menu_order":0,"comment_status":"closed","ping_status":"closed","template":"","meta":{"footnotes":""},"_links":{"self":[{"href":"https:\/\/liedhegener.info\/index.php?rest_route=\/wp\/v2\/pages\/20"}],"collection":[{"href":"https:\/\/liedhegener.info\/index.php?rest_route=\/wp\/v2\/pages"}],"about":[{"href":"https:\/\/liedhegener.info\/index.php?rest_route=\/wp\/v2\/types\/page"}],"author":[{"embeddable":true,"href":"https:\/\/liedhegener.info\/index.php?rest_route=\/wp\/v2\/users\/1"}],"replies":[{"embeddable":true,"href":"https:\/\/liedhegener.info\/index.php?rest_route=%2Fwp%2Fv2%2Fcomments&post=20"}],"version-history":[{"count":2,"href":"https:\/\/liedhegener.info\/index.php?rest_route=\/wp\/v2\/pages\/20\/revisions"}],"predecessor-version":[{"id":170,"href":"https:\/\/liedhegener.info\/index.php?rest_route=\/wp\/v2\/pages\/20\/revisions\/170"}],"wp:attachment":[{"href":"https:\/\/liedhegener.info\/index.php?rest_route=%2Fwp%2Fv2%2Fmedia&parent=20"}],"curies":[{"name":"wp","href":"https:\/\/api.w.org\/{rel}","templated":true}]}}