{"id":18,"date":"2016-07-01T13:54:57","date_gmt":"2016-07-01T13:54:57","guid":{"rendered":"http:\/\/liedhegener.info\/?page_id=18"},"modified":"2023-01-27T11:32:27","modified_gmt":"2023-01-27T11:32:27","slug":"willkommen-auf-meiner-persoenlichen-homepage","status":"publish","type":"page","link":"https:\/\/liedhegener.info\/","title":{"rendered":"Willkommen auf meiner pers\u00f6nlichen Homepage!"},"content":{"rendered":"<p>Ich m\u00f6chte Ihnen mit diesen Seiten einen Einblick geben in meine Arbeit und die unterschiedlichen wissenschaftlichen sowie \u00f6ffentlichen Bez\u00fcge, in denen sie steht. Au\u00dferdem k\u00f6nnen Sie auf dieser Seite die Datens\u00e4tze herunterladen, die in meinen Publikationen angegeben sind. Und nat\u00fcrlich m\u00f6chte ich Ihnen meine wissenschaftliche Vita vorstellen.<\/p>\n<p>Sollten Sie etwas vermissen oder gezielte Fragen haben, z\u00f6gern Sie nicht, mit mir Kontakt aufzunehmen.<\/p>\n<p>Und wenn Sie beim Surfen auf meinen Seiten Musik h\u00f6ren m\u00f6chten: Wie w\u00e4re es mit meinem <a href=\"http:\/\/www.ndr.de\/ndr2\/programm\/sendungen\/webradioeasysounds100.html\" target=\"_blank\" rel=\"noopener noreferrer\">Lieblingsradiosender<\/a> im Internet?<\/p>\n<p>Viel Spa\u00df auf meiner Homepage!<\/p>\n<p>Ihr<\/p>\n<p>Antonius Liedhegener<\/p>\n<p>Prof. Dr. Antonius Liedhegener<br \/>\nZentrum f\u00fcr Religion, Wirtschaft und Politik (ZRWP)<br \/>\nUniversit\u00e4t Luzern<br \/>\nKultur- und Sozialwissenschaftliche Fakult\u00e4t<br \/>\nFrohburgstr. 3<br \/>\nCH-6002 Luzern<br \/>\n<a href=\"mailto:mail@liedhegener.info?subject=Nachricht\">mail@liedhegener.info<\/a><\/p>\n","protected":false},"excerpt":{"rendered":"<p class=\"qua-blog-post-description\">Ich m\u00f6chte Ihnen mit diesen Seiten einen Einblick geben in meine Arbeit und die unterschiedlichen wissenschaftlichen sowie \u00f6ffentlichen Bez\u00fcge, in denen sie steht. Au\u00dferdem k\u00f6nnen Sie auf dieser Seite die Datens\u00e4tze herunterladen, die in meinen Publikationen angegeben sind. Und nat\u00fcrlich m\u00f6chte ich Ihnen meine wissenschaftliche Vita vorstellen. Sollten Sie etwas vermissen oder gezielte Fragen haben, [&hellip;]<\/p>\n","protected":false},"author":1,"featured_media":0,"parent":0,"menu_order":0,"comment_status":"closed","ping_status":"closed","template":"","meta":{"footnotes":""},"_links":{"self":[{"href":"https:\/\/liedhegener.info\/index.php?rest_route=\/wp\/v2\/pages\/18"}],"collection":[{"href":"https:\/\/liedhegener.info\/index.php?rest_route=\/wp\/v2\/pages"}],"about":[{"href":"https:\/\/liedhegener.info\/index.php?rest_route=\/wp\/v2\/types\/page"}],"author":[{"embeddable":true,"href":"https:\/\/liedhegener.info\/index.php?rest_route=\/wp\/v2\/users\/1"}],"replies":[{"embeddable":true,"href":"https:\/\/liedhegener.info\/index.php?rest_route=%2Fwp%2Fv2%2Fcomments&post=18"}],"version-history":[{"count":4,"href":"https:\/\/liedhegener.info\/index.php?rest_route=\/wp\/v2\/pages\/18\/revisions"}],"predecessor-version":[{"id":151,"href":"https:\/\/liedhegener.info\/index.php?rest_route=\/wp\/v2\/pages\/18\/revisions\/151"}],"wp:attachment":[{"href":"https:\/\/liedhegener.info\/index.php?rest_route=%2Fwp%2Fv2%2Fmedia&parent=18"}],"curies":[{"name":"wp","href":"https:\/\/api.w.org\/{rel}","templated":true}]}}